{"id":668,"date":"2024-05-03T15:11:21","date_gmt":"2024-05-03T15:11:21","guid":{"rendered":"https:\/\/thrillbluesfestival.com\/impressum\/"},"modified":"2024-05-13T10:40:57","modified_gmt":"2024-05-13T10:40:57","slug":"impressum","status":"publish","type":"page","link":"https:\/\/thrillbluesfestival.com\/hr\/impressum\/","title":{"rendered":"Impressum"},"content":{"rendered":"\t\t<div data-elementor-type=\"wp-page\" data-elementor-id=\"668\" class=\"elementor elementor-668 elementor-474\" data-elementor-post-type=\"page\">\n\t\t\t\t<div class=\"elementor-element elementor-element-7793484d e-flex e-con-boxed e-con e-parent\" data-id=\"7793484d\" data-element_type=\"container\">\n\t\t\t\t\t<div class=\"e-con-inner\">\n\t\t\t\t<div class=\"elementor-element elementor-element-2b0b841 elementor-widget elementor-widget-heading\" data-id=\"2b0b841\" data-element_type=\"widget\" data-widget_type=\"heading.default\">\n\t\t\t\t<div class=\"elementor-widget-container\">\n\t\t\t\t\t<h2 class=\"elementor-heading-title elementor-size-default\">Impressum<\/h2>\t\t\t\t<\/div>\n\t\t\t\t<\/div>\n\t\t\t\t<div class=\"elementor-element elementor-element-401f9e02 elementor-widget elementor-widget-text-editor\" data-id=\"401f9e02\" data-element_type=\"widget\" data-widget_type=\"text-editor.default\">\n\t\t\t\t<div class=\"elementor-widget-container\">\n\t\t\t\t\t\t\t\t\t<p><\/p>\n<p>Umjetni\u010dki direktor: <br><strong>Boris Hrepi\u0107<\/strong><\/p>\n<p><\/p>\n<p><\/p>\n<p>Izvr\u0161ni direktor: <br><strong>Dra\u017een Goreta<\/strong><\/p>\n<p><\/p>\n<p><\/p>\n<p>Asistenti produkcije: <br><strong>\u0106iro Lagator<\/strong><br><strong>Andriana Ivkovi\u0107<\/strong><br><strong>Dora Rimac<\/strong><\/p>\n<p><\/p>\n<p><\/p>\n<p><strong>Yem Produkcija<\/strong><\/p>\n<p><\/p>\n<p><\/p>\n<p>Organizator: <br><strong>Grad Trilj<\/strong><\/p>\n<p><\/p>\t\t\t\t\t\t\t\t<\/div>\n\t\t\t\t<\/div>\n\t\t\t\t\t<\/div>\n\t\t\t\t<\/div>\n\t\t\t\t<\/div>\n\t\t","protected":false},"excerpt":{"rendered":"<p>Impressum Umjetni\u010dki direktor: Boris Hrepi\u0107 Izvr\u0161ni direktor: Dra\u017een Goreta Asistenti produkcije: \u0106iro LagatorAndriana Ivkovi\u0107Dora Rimac Yem Produkcija Organizator: Grad Trilj<\/p>\n","protected":false},"author":3,"featured_media":0,"parent":0,"menu_order":0,"comment_status":"closed","ping_status":"closed","template":"","meta":{"inline_featured_image":false,"footnotes":""},"class_list":["post-668","page","type-page","status-publish","hentry"],"_links":{"self":[{"href":"https:\/\/thrillbluesfestival.com\/hr\/wp-json\/wp\/v2\/pages\/668","targetHints":{"allow":["GET"]}}],"collection":[{"href":"https:\/\/thrillbluesfestival.com\/hr\/wp-json\/wp\/v2\/pages"}],"about":[{"href":"https:\/\/thrillbluesfestival.com\/hr\/wp-json\/wp\/v2\/types\/page"}],"author":[{"embeddable":true,"href":"https:\/\/thrillbluesfestival.com\/hr\/wp-json\/wp\/v2\/users\/3"}],"replies":[{"embeddable":true,"href":"https:\/\/thrillbluesfestival.com\/hr\/wp-json\/wp\/v2\/comments?post=668"}],"version-history":[{"count":3,"href":"https:\/\/thrillbluesfestival.com\/hr\/wp-json\/wp\/v2\/pages\/668\/revisions"}],"predecessor-version":[{"id":671,"href":"https:\/\/thrillbluesfestival.com\/hr\/wp-json\/wp\/v2\/pages\/668\/revisions\/671"}],"wp:attachment":[{"href":"https:\/\/thrillbluesfestival.com\/hr\/wp-json\/wp\/v2\/media?parent=668"}],"curies":[{"name":"wp","href":"https:\/\/api.w.org\/{rel}","templated":true}]}}