{"id":673,"date":"2021-04-15T16:03:33","date_gmt":"2021-04-15T16:03:33","guid":{"rendered":"https:\/\/thrillbluesfestival.com\/politika-privatnosti\/"},"modified":"2024-05-13T10:45:36","modified_gmt":"2024-05-13T10:45:36","slug":"politika-privatnosti","status":"publish","type":"page","link":"https:\/\/thrillbluesfestival.com\/hr\/politika-privatnosti\/","title":{"rendered":"Politika privatnosti"},"content":{"rendered":"\t\t<div data-elementor-type=\"wp-page\" data-elementor-id=\"673\" class=\"elementor elementor-673 elementor-3\" data-elementor-post-type=\"page\">\n\t\t\t\t<div class=\"elementor-element elementor-element-15bb7d0 e-flex e-con-boxed e-con e-parent\" data-id=\"15bb7d0\" data-element_type=\"container\">\n\t\t\t\t\t<div class=\"e-con-inner\">\n\t\t\t\t<div class=\"elementor-element elementor-element-d0cd7ec elementor-widget elementor-widget-heading\" data-id=\"d0cd7ec\" data-element_type=\"widget\" data-widget_type=\"heading.default\">\n\t\t\t\t<div class=\"elementor-widget-container\">\n\t\t\t\t\t<h2 class=\"elementor-heading-title elementor-size-default\">Privacy policy<br>Politika privatnosti<\/h2>\t\t\t\t<\/div>\n\t\t\t\t<\/div>\n\t\t\t\t\t<\/div>\n\t\t\t\t<\/div>\n\t\t<div class=\"elementor-element elementor-element-f71a49a e-flex e-con-boxed e-con e-parent\" data-id=\"f71a49a\" data-element_type=\"container\">\n\t\t\t\t\t<div class=\"e-con-inner\">\n\t\t\t\t<div class=\"elementor-element elementor-element-79ca4951 elementor-widget elementor-widget-text-editor\" data-id=\"79ca4951\" data-element_type=\"widget\" data-widget_type=\"text-editor.default\">\n\t\t\t\t<div class=\"elementor-widget-container\">\n\t\t\t\t\t\t\t\t\t<p>THRILL BLUES FESTIVAL (u nastavku \u201emi\u201c, \u201enama\u201c, \u201ena\u0161\u201c, itd.) je vlasnik web stranice THRILLBLUESFESTIVAL.COM (\u201eweb stranica\u201c). Stvorili smo ovu izjavu o privatnosti kako bismo pokazali da brinemo o privatnosti na\u0161ih korisnika te kako bismo ih informirali o na\u010dinima skupljanja i obrade osobnih podataka na ovoj web stranici.  <\/p>\n<p>Molimo vas da ovu Izjavu pro\u010ditate pa\u017eljivo kako biste saznali kako skupljamo, obra\u0111ujemo, \u0161titimo ili na bilo koji drugi na\u010din koristimo va\u0161e osobne podatke.<\/p>\n\n<p>Slu\u017ebenik za za\u0161titu podataka<\/p>\n\n<p>Kontaktne informacije na\u0161eg slu\u017ebenika za za\u0161titu podataka su:<\/p>\n\n<p>INFO@THRILLBLUESFESTIVAL.COM<\/p>\n\n<p><strong>Prikupljanje podataka<\/strong><\/p>\n\n<p>Osobni podatak jest svaki podatak koji se odnosi na pojedinca \u010diji je identitet poznat ili se mo\u017ee utvrditi. Pojedinac \u010diji se identitet mo\u017ee utvrditi jest osoba koja se mo\u017ee identificirati izravno ili neizravno, osobito uz pomo\u0107 identifikatora kao \u0161to su ime, identifikacijski broj, podaci o lokaciji, mre\u017eni identifikator ili uz pomo\u0107 jednog ili vi\u0161e \u010dimbenika svojstvenih za fizi\u010dki, fiziolo\u0161ki, genetski, mentalni, ekonomski, kulturni ili socijalni identitet tog pojedinca. Va\u0161e osobne podatke prikupljamo samo kada nam svojom voljom date takve informacije. Podatke o Vama prikupljamo kada ispunite obrazac ili prilikom prijave na newsletter. Trebali biste imati na umu da se neosobne informacije i podaci mogu automatski prikupljati putem na\u0161ih Internet servera ili kori\u0161tenjem \u201ekola\u010di\u0107a\u201c. Kliknite ovdje kako biste pro\u010ditali na\u0161u politiku o kola\u010di\u0107ima. Primjeri informacija o Va\u0161em kori\u0161tenju stranice uklju\u010duju: najposje\u0107enije i najgledanije stranice i poveznice na na\u0161oj web stranici, broj ispunjenih obrazaca, vrijeme provedeno na stranici, najpopularnije klju\u010dne rije\u010di koji korisnike vode do na\u0161e stranice, va\u0161a IP adresa, informacije koje se skupljaju putem kola\u010di\u0107a, podaci va\u0161eg ure\u0111aja poput postavki hardwarea, sistemske aktivnosti, vrste pretra\u017eiva\u010da itd.<\/p>\n<p>Obrada podataka<\/p>\n\n<p>Podatke dobivene o vama koristimo u jednu ili vi\u0161e navedenih svrha:<\/p>\n\n<p>\u2022 Radi personalizacije Va\u0161eg korisni\u010dkog iskustva (prikupljene informacije nam poma\u017eu da bolje odgovorimo na Va\u0161e individualne potrebe);<\/p>\n\n<p>\u2022 Radi pobolj\u0161anja na\u0161e web stranice (trajno nastojimo pobolj\u0161ati ponudu na\u0161e web stranice na temelju povratnih informacija koje dobivamo od na\u0161ih posjetitelja);<\/p>\n\n<p>\u2022 Radi uspostave primarnog kanala komunikacije s vama;<\/p>\n\n<p>\u2022 Radi povremenog slanja e-poruka (koje se ti\u010du povremenog primanja vijesti (ako to \u017eelite), a\u017euriranja, informacija o sli\u010dnim proizvodima ili uslugama, itd.)<\/p>\n\n<p><strong>Poveznice s tre\u0107im stranama<\/strong><\/p>\n\n<p>Na na\u0161oj web stranici ne nudimo niti pru\u017eamo usluge ili proizvode tre\u0107ih strana.<\/p>\n\n<p><strong>Za\u0161tita va\u0161ih podataka<\/strong><\/p>\n\n<p>Kako bismo za\u0161titili osobne podatke koje \u0161aljete preko ove web stranice, koristimo fizi\u010dke, tehni\u010dke i organizacijske mjere sigurnosti. Neprestano nadogra\u0111ujemo i testiramo na\u0161u sigurnosnu tehnologiju. Ograni\u010davamo pristup Va\u0161im osobnim podacima samo onim zaposlenicima koji trebaju znati te informacije kako bi Vam pru\u017eili neke koristi ili usluge. Osim toga, educiramo na\u0161e zaposlenike o va\u017enosti povjerljivosti podataka te \u010duvanju privatnosti i za\u0161titi Va\u0161ih podataka.<\/p>\n\n<p><strong>Prava pojedinaca<\/strong><\/p>\n\n<p>Ako \u017eelite znati posjedujemo li i obra\u0111ujemo Va\u0161e osobne podatke, ili ako \u017eelite pristupiti osobnim podacima koje imamo o vama, molimo Vas da nas kontaktirate na INFO@THRILLBLUESFESTIVAL.COM<\/p>\n\n<p>Tako\u0111er mo\u017eete zahtijevati informacije o: svrsi obrade podataka, kategorijama osobnih podataka pod obradom; tko je jo\u0161 izvan na\u0161e tvrtke primio Va\u0161e osobne podatke od nas; koji je izvor osobnih podataka (ako ih niste izravno dali nama); i kako dugo \u0107emo \u010duvati podatke. Imate pravo na ispravak osobnih podataka koje posjedujemo ako su oni neto\u010dni. Tako\u0111er mo\u017eete, uz odre\u0111ene iznimke, zatra\u017eiti da izbri\u0161emo Va\u0161e podatke ili prestanemo s njihovom obradom. Mo\u017eete tra\u017eiti da prestanemo koristiti Va\u0161e osobne podatke u svrhe izravnog marketinga. U mnogim dr\u017eavama imate pravo poslati pritu\u017ebu nadle\u017enom tijelu za za\u0161titu podataka ako niste zadovoljni na\u010dinom kako postupamo s Va\u0161im osobnim podacima. Ako je tehni\u010dki izvedivo, mi \u0107emo na temelju Va\u0161eg zahtjeva poslati Vam Va\u0161e osobne podatke ili ih prenijeti izravno na drugog voditelja obrade.<\/p>\n\n<p>Ako nam podnesete zahtjev za slanje Va\u0161ih osobnih podataka na INFO@THRILLBLUESFESTIVAL.COM udovoljit \u0107emo tom zahtjevu besplatno. Ako ne mo\u017eemo udovoljiti Va\u0161em zahtjevu u razumnom roku, obavijestit \u0107emo Vas o datumu kada \u0107emo udovoljiti zahtjevu. Ako iz nekog razlog na mo\u017eemo ispuniti Va\u0161 zahtjev, poslat \u0107emo Vam obja\u0161njenje o tome za\u0161to nismo udovoljili Va\u0161em zahtjevu.<\/p>\n\n<p><strong>Obavje\u0161\u0107ivanje o povredi osobnih podataka<\/strong><\/p>\n\n<p>U slu\u010daju povrede osobnih podataka obavijestit \u0107emo Vas i nadle\u017eno nadzorno tijelo porukom e-po\u0161te u roku 72 sata o razmjerima povrede, obuhva\u0107enim podacima, mo\u017eebitnom utjecaju na na\u0161e usluge i na\u0161im planiranim mjerama za osiguranje podataka i ograni\u010denje bilo kakvih \u0161tetnih u\u010dinaka po pojedince.<\/p>\n\n<p>Obavijest o povredi Vam ne\u0107emo poslati u slu\u010daju:<\/p>\n\n<p>\u2022 ako postoje tehni\u010dke i organizacijske mjere za\u0161tite (poput enkripcije) koje su primijenjene na osobne podatke pogo\u0111ene povredom osobnih podataka, koje te podatke \u010dine nerazumljiva bilo kojoj osobi koja im nije ovla\u0161tena pristupiti;<\/p>\n\n<p>\u2022 ako smo poduzeli naknadne mjere kojima se osigurava da vi\u0161e nije vjerojatno da \u0107e do\u0107i do visokog rizika za prava i slobode pojedinaca;<\/p>\n\n<p>\u2022 ako bi to iziskivalo nerazmjeran napor ( u tom slu\u010daju \u0107emo Vas obavijestiti putem sredstava javnog obavje\u0161\u0107ivanja ili sli\u010dne jednako djelotvorne mjere).<\/p>\n\n<p>Povreda osobnih podataka zna\u010di povredu sigurnosti koja vodi do nenamjernog ili nezakonitog uni\u0161tenja, gubitka, izmjene, neautoriziranog otkrivanja ili pristupa osobnim podacima koji se prenose, \u010duvaju i obra\u0111uju u vezi s nu\u0111enjem na\u0161ih usluga.<\/p>\n\n<p><strong>Va\u0161a privola<\/strong><\/p>\n\n<p>Kori\u0161tenjem ove web stranice dajete privolu na ovu politiku privatnosti.<\/p>\n\n<p><strong>Promjene na\u0161e politike privatnosti<\/strong><\/p>\n\n<p>U slu\u010daju promjena na\u0161e politike privatnosti obavijestit \u0107emo Vas o tome na ovoj stranici i a\u017eurirati datum izmjene politike privatnosti dolje kako slijedi.<\/p>\n\n<p>Ova politika privatnosti je zadnji put izmijenjena 01. Sije\u010dnja 2024. godine<\/p>\n\n<p> <\/p>\n<p><span lang=\"HR\">  &#8230;<\/span><\/p>\n<p> <\/p>\n<p>THRILL BLUES FESTIVAL (hereinafter &#8220;we&#8221;, &#8220;us&#8221;, &#8220;our&#8221;, etc.) is the owner of the THRILLBLUESFESTIVAL.COM website (&#8220;Web page&#8221;). We have created this privacy statement to demonstrate that<br>we care about the privacy of our users and to inform them about the ways collection and processing of personal data on this website.<\/p>\n<p>Please read this Statement carefully to find out how we collect, process, protect or otherwise use your personal data. <\/p>\n<p><strong>Data Protection Officer<\/strong><\/p>\n<p>The contact information of our data protection officer is:<\/p>\n<p>INFO@THRILLBLUESFESTIVAL.COM<\/p>\n<p><strong>Data collection<\/strong><\/p>\n<p>Personal data is any data that relates to the individual to whom it belongs identity known or ascertainable. An individual whose identity can be to determine is a person who can be identified directly or indirectly, esp with the help of identifiers such as name, identification number, information about location, network identifier or with the help of one or more factors inherent to the physical, physiological, genetic, mental, economic, cultural or<br>social identity of that individual.<\/p>\n<p>We collect your personal data only when you voluntarily provide it to us information. We collect data about you when you fill out a form or on occasion subscription to the newsletter.<\/p>\n<p>You should note that non-personal information and data may automatically collected through our Internet servers or using &#8220;cookies&#8221;.<br>Click here to read our cookie policy.<\/p>\n<p>Examples of information about your use of the site include: most visited and the most viewed pages and links on our website, the number of completed forms, time spent on the page, the most popular keywords that users are directed to our site, your IP address, information that is collected through cookies, your device data such as hardware settings, system settings activities, types of browsers, etc.<\/p>\n<p><strong>Data processing<\/strong><\/p>\n<p>We use the data obtained about you for one or more of the following purposes:<\/p>\n<ul>\n<li>To personalize your user experience (collected information<br>help us to respond better to your individual needs);<\/li>\n<li>To improve our website (we constantly strive to improve the offer<br>our website based on the feedback we receive from our<br>visitors);<\/li>\n<li>To establish the primary channel of communication with you;<\/li>\n<li>For the occasional sending of e-mails (concerning the periodic reception of news<br>(if you wish), updates, information about similar products or services,<br>etc.)<\/li>\n<\/ul>\n<p><strong>Links to third parties<\/strong><\/p>\n<p>We do not offer or provide third party services or products on our website page.<\/p>\n<p><strong>Protection of your data<\/strong><\/p>\n<p>In order to protect the personal data you send through this website,<br>we use physical, technical and organizational security measures. Constantly we are upgrading and testing our security technology. We are restricting access Your personal data only to those employees who need to know you information to provide you with some benefits or services. In addition, we educate our employees about the importance of data confidentiality and privacy protection and protect your data.<\/p>\n<p>Individual rights<\/p>\n<p>If you want to know whether we own and process your personal data, or if you want to access the personal data we have about you, please let us contact INFO@THRILLBLUESFESTIVAL.COM<\/p>\n<p>You can also request information about: the purpose of data processing, categories of personal data under processing; who else outside our company received Your personal data from us; which is the source of personal data (if you have not directly given to us); and how long we will keep the data. You have the right to correction personal data that we have if it is incorrect. You can also, with certain exceptions, request that we delete your data or stop using it processing. You can ask us to stop using your personal data for the purposes direct marketing. In many countries, you have the right to send a complaint to the competent authority to the data protection authority if you are not satisfied with the way we handle your data personal data. If technically feasible, we will based on your request send you your personal data or transfer them directly to another manager processing.<\/p>\n<p>If you submit a request to us to send your personal data to<br>INFO@THRILLBLUESFESTIVAL.COM, we will comply with that request free of charge. If we can&#8217;t comply with your request within a reasonable time, we will inform you of the date when we will comply with the request. If for some reason we cannot fulfill your request, we will send you an explanation of why we did not comply with your request.<\/p>\n<p><strong>Notification of personal data breach<\/strong><\/p>\n<p>In the event of a personal data breach, we will notify you and the competent supervisory authority authority by e-mail within 72 hours about the scope of the breach, covered data, possible impact on our services and our planned measures for data security and limitation of any adverse effects on individuals.<\/p>\n<p>We will not send you a notice of infringement in the case of:<\/p>\n<ul>\n<li>if there are technical and organizational protection measures (such as encryption)<br>which were applied to the personal data affected by the personal data breach, which<br>make these data unintelligible to any person who is not authorized to them<br>to access;<\/li>\n<li>if we have taken follow-up measures to ensure that it is no longer<br>there is likely to be a high risk to the rights and freedoms of individuals;<\/li>\n<li>if it would require a disproportionate effort (in that case, we will<br>inform through means of public information or similar<br>effective measures).<\/li>\n<\/ul>\n<p>A breach of personal data means a security breach that leads to unintentional or unlawful destruction, loss, alteration, unauthorized disclosure or access to personal data that is transmitted, stored and processed in connection with the offer<br>of our services.<\/p>\n<p><strong>Your consent<\/strong><\/p>\n<p>By using this website, you consent to this privacy policy.<\/p>\n<p><strong>Changes to our privacy policy<\/strong><\/p>\n<p>In case of changes to our privacy policy, we will inform you about it at this page and update the privacy policy modification date below how coming up.<\/p>\n<p>This privacy policy was last modified on January 1, 2024<\/p>\n<p> <\/p>\t\t\t\t\t\t\t\t<\/div>\n\t\t\t\t<\/div>\n\t\t\t\t\t<\/div>\n\t\t\t\t<\/div>\n\t\t\t\t<\/div>\n\t\t","protected":false},"excerpt":{"rendered":"<p>Privacy policyPolitika privatnosti THRILL BLUES FESTIVAL (u nastavku \u201emi\u201c, \u201enama\u201c, \u201ena\u0161\u201c, itd.) je vlasnik web stranice THRILLBLUESFESTIVAL.COM (\u201eweb stranica\u201c). Stvorili smo ovu izjavu o privatnosti kako bismo pokazali da brinemo o privatnosti na\u0161ih korisnika te kako bismo ih informirali o na\u010dinima skupljanja i obrade osobnih podataka na ovoj web stranici. Molimo vas da ovu Izjavu [&hellip;]<\/p>\n","protected":false},"author":3,"featured_media":0,"parent":0,"menu_order":0,"comment_status":"closed","ping_status":"open","template":"","meta":{"inline_featured_image":false,"footnotes":""},"class_list":["post-673","page","type-page","status-publish","hentry"],"_links":{"self":[{"href":"https:\/\/thrillbluesfestival.com\/hr\/wp-json\/wp\/v2\/pages\/673","targetHints":{"allow":["GET"]}}],"collection":[{"href":"https:\/\/thrillbluesfestival.com\/hr\/wp-json\/wp\/v2\/pages"}],"about":[{"href":"https:\/\/thrillbluesfestival.com\/hr\/wp-json\/wp\/v2\/types\/page"}],"author":[{"embeddable":true,"href":"https:\/\/thrillbluesfestival.com\/hr\/wp-json\/wp\/v2\/users\/3"}],"replies":[{"embeddable":true,"href":"https:\/\/thrillbluesfestival.com\/hr\/wp-json\/wp\/v2\/comments?post=673"}],"version-history":[{"count":3,"href":"https:\/\/thrillbluesfestival.com\/hr\/wp-json\/wp\/v2\/pages\/673\/revisions"}],"predecessor-version":[{"id":676,"href":"https:\/\/thrillbluesfestival.com\/hr\/wp-json\/wp\/v2\/pages\/673\/revisions\/676"}],"wp:attachment":[{"href":"https:\/\/thrillbluesfestival.com\/hr\/wp-json\/wp\/v2\/media?parent=673"}],"curies":[{"name":"wp","href":"https:\/\/api.w.org\/{rel}","templated":true}]}}